{"id":405,"date":"2024-12-28T17:52:51","date_gmt":"2024-12-28T16:52:51","guid":{"rendered":"https:\/\/www.nutrizionistalorenzostella.it\/?page_id=405"},"modified":"2025-03-11T17:55:02","modified_gmt":"2025-03-11T16:55:02","slug":"contatti","status":"publish","type":"page","link":"https:\/\/www.nutrizionistalorenzostella.it\/index.php\/contatti\/","title":{"rendered":"Contatti"},"content":{"rendered":"<p>[et_pb_section fb_built=&#8221;1&#8243; _builder_version=&#8221;4.27.4&#8243; _module_preset=&#8221;default&#8221; custom_margin=&#8221;||-215px||false|false&#8221; custom_margin_tablet=&#8221;||-215px||false|false&#8221; custom_margin_phone=&#8221;||-215px||false|false&#8221; custom_margin_last_edited=&#8221;on|desktop&#8221; saved_tabs=&#8221;all&#8221; global_colors_info=&#8221;{}&#8221;][et_pb_row _builder_version=&#8221;4.27.4&#8243; _module_preset=&#8221;default&#8221; global_colors_info=&#8221;{}&#8221;][et_pb_column type=&#8221;4_4&#8243; _builder_version=&#8221;4.27.4&#8243; _module_preset=&#8221;default&#8221; global_colors_info=&#8221;{}&#8221;][et_pb_heading title=&#8221;CONTATTI&#8221; _builder_version=&#8221;4.27.4&#8243; _module_preset=&#8221;default&#8221; title_text_align=&#8221;center&#8221; global_colors_info=&#8221;{}&#8221;][\/et_pb_heading][\/et_pb_column][\/et_pb_row][et_pb_row column_structure=&#8221;1_2,1_2&#8243; _builder_version=&#8221;4.27.4&#8243; _module_preset=&#8221;default&#8221; min_height=&#8221;227px&#8221; height=&#8221;142px&#8221; custom_margin=&#8221;|auto|-74px||false|false&#8221; custom_margin_tablet=&#8221;|auto|-74px||false|false&#8221; custom_margin_phone=&#8221;|auto|-74px||false|false&#8221; custom_margin_last_edited=&#8221;on|desktop&#8221; custom_padding=&#8221;||1px|||&#8221; global_colors_info=&#8221;{}&#8221;][et_pb_column type=&#8221;1_2&#8243; _builder_version=&#8221;4.27.4&#8243; _module_preset=&#8221;default&#8221; global_colors_info=&#8221;{}&#8221;][et_pb_text _builder_version=&#8221;4.27.4&#8243; _module_preset=&#8221;default&#8221; custom_padding=&#8221;||0px|||&#8221; global_colors_info=&#8221;{}&#8221;]<\/p>\n<p style=\"text-align: left;\"><span style=\"font-size: large;\">Dottor Lorenzo Stella <span style=\"color: #0c71c3;\"><\/span><\/span><span style=\"font-size: large;\">Biologo Nutrizionista<\/span><\/p>\n<p style=\"text-align: left;\"><span style=\"color: #0c71c3; font-size: large;\"><\/span><\/p>\n<p style=\"text-align: left;\"><span style=\"font-size: large;\"><span style=\"color: #438caf;\">Cellulare<\/span>: +39 378 417 0287<\/span><\/p>\n<p style=\"text-align: left;\"><span style=\"font-size: large;\"><span style=\"color: #0c71c3;\"><span style=\"color: #438caf;\">E-mail<\/span>:<\/span> <a href=\"mailto:info@nutrizionalorenzostella.it\">info@nutrizionistalorenzostella.it<\/a><\/span><\/p>\n<p style=\"text-align: left;\"><span style=\"font-size: large;\"><\/span><\/p>\n<p style=\"text-align: left;\"><span style=\"color: #438caf;\"><span style=\"font-size: large; color: #1f82af;\">STUDIO DI EDUCAZIONE ALIMENTARE <\/span><span style=\"font-size: large;\"><span style=\"color: #1f82af;\">E SANA ALIMENTAZION<\/span>E<\/span><\/span><span style=\"font-size: large;\"><\/span><\/p>\n<p style=\"text-align: left;\"><span style=\"font-size: large;\"><\/span><\/p>\n<p style=\"text-align: left;\"><span style=\"font-size: large;\">Udine, Piazza San Cristoforo n.7, primo piano<\/span><span style=\"color: #0c71c3;\"><\/span><\/p>\n<p style=\"text-align: left;\"><span style=\"font-size: large;\"><\/span><\/p>\n<p style=\"text-align: left;\"><span style=\"color: #438caf; font-size: large;\">Orari<\/span><\/p>\n<p style=\"text-align: left;\"><span style=\"font-size: large;\">Si riceve solo su appuntamento. <\/span><\/p>\n<p style=\"text-align: left;\"><span style=\"font-size: large;\">Insieme concorderemo il primo giorno e orario disponibili pi\u00f9 adatti alle tue esigenze.<\/span><br \/><span style=\"font-size: large;\"><\/span><\/p>\n<p style=\"text-align: left;\"><span style=\"color: #0c71c3; font-size: large;\"><\/span><\/p>\n<p>[\/et_pb_text][\/et_pb_column][et_pb_column type=&#8221;1_2&#8243; _builder_version=&#8221;4.27.4&#8243; _module_preset=&#8221;default&#8221; global_colors_info=&#8221;{}&#8221;][et_pb_code _builder_version=&#8221;4.27.4&#8243; _module_preset=&#8221;default&#8221; width=&#8221;100%&#8221; min_height=&#8221;385.3px&#8221; min_height_last_edited=&#8221;off|desktop&#8221; custom_margin=&#8221;-33px||||false|false&#8221; global_colors_info=&#8221;{}&#8221;]<iframe src=\"https:\/\/www.google.com\/maps\/embed?pb=!1m18!1m12!1m3!1d2768.250364626513!2d13.228581787456074!3d46.06604879654834!2m3!1f0!2f0!3f0!3m2!1i1024!2i768!4f13.1!3m3!1m2!1s0x477a35580b98f4fd%3A0xe4a5b417f9fe823!2sPiazza%20S.%20Cristoforo%2C%207%2C%2033100%20Udine%20UD!5e0!3m2!1sit!2sit!4v1734530843714!5m2!1sit!2sit\" width=\"600\" height=\"450\" style=\"border:0;\" allowfullscreen=\"\" loading=\"lazy\" referrerpolicy=\"no-referrer-when-downgrade\"><\/iframe>[\/et_pb_code][\/et_pb_column][\/et_pb_row][\/et_pb_section][et_pb_section fb_built=&#8221;1&#8243; disabled_on=&#8221;off|off|off&#8221; module_id=&#8221;VISITA&#8221; _builder_version=&#8221;4.27.4&#8243; _module_preset=&#8221;default&#8221; saved_tabs=&#8221;all&#8221; global_colors_info=&#8221;{}&#8221;][et_pb_row _builder_version=&#8221;4.27.4&#8243; _module_preset=&#8221;default&#8221; global_colors_info=&#8221;{}&#8221;][et_pb_column type=&#8221;4_4&#8243; _builder_version=&#8221;4.27.4&#8243; _module_preset=&#8221;default&#8221; global_colors_info=&#8221;{}&#8221;][\/et_pb_column][\/et_pb_row][\/et_pb_section][et_pb_section fb_built=&#8221;1&#8243; disabled_on=&#8221;off|off|off&#8221; module_id=&#8221;VISITA&#8221; _builder_version=&#8221;4.27.4&#8243; _module_preset=&#8221;default&#8221; global_module=&#8221;684&#8243; saved_tabs=&#8221;all&#8221; locked=&#8221;off&#8221; global_colors_info=&#8221;{}&#8221;][et_pb_row _builder_version=&#8221;4.27.4&#8243; _module_preset=&#8221;default&#8221; global_colors_info=&#8221;{}&#8221;][et_pb_column type=&#8221;4_4&#8243; _builder_version=&#8221;4.27.4&#8243; _module_preset=&#8221;default&#8221; global_colors_info=&#8221;{}&#8221;][et_pb_divider _builder_version=&#8221;4.27.4&#8243; _module_preset=&#8221;default&#8221; global_colors_info=&#8221;{}&#8221;][\/et_pb_divider][et_pb_heading title=&#8221;PRENOTA UNA VISITA&#8221; _builder_version=&#8221;4.27.4&#8243; _module_preset=&#8221;default&#8221; title_text_align=&#8221;center&#8221; title_font_size=&#8221;35px&#8221; global_colors_info=&#8221;{}&#8221;][\/et_pb_heading][\/et_pb_column][\/et_pb_row][et_pb_row _builder_version=&#8221;4.27.4&#8243; _module_preset=&#8221;default&#8221; global_colors_info=&#8221;{}&#8221;][et_pb_column type=&#8221;4_4&#8243; _builder_version=&#8221;4.27.4&#8243; _module_preset=&#8221;default&#8221; global_colors_info=&#8221;{}&#8221;][et_pb_image src=&#8221;http:\/\/www.nutrizionistalorenzostella.it\/wp-content\/uploads\/2025\/01\/IMG_4669.png&#8221; title_text=&#8221;IMG_4669&#8243; disabled_on=&#8221;off|on|on&#8221; _builder_version=&#8221;4.27.4&#8243; _module_preset=&#8221;default&#8221; width=&#8221;83%&#8221; width_tablet=&#8221;&#8221; width_phone=&#8221;88%&#8221; width_last_edited=&#8221;on|phone&#8221; max_width_tablet=&#8221;&#8221; max_width_phone=&#8221;&#8221; max_width_last_edited=&#8221;on|phone&#8221; module_alignment_tablet=&#8221;&#8221; module_alignment_phone=&#8221;center&#8221; module_alignment_last_edited=&#8221;on|phone&#8221; global_colors_info=&#8221;{}&#8221;][\/et_pb_image][et_pb_heading title=&#8221;Contattami per fissare un appuntamento&#8221; _builder_version=&#8221;4.27.4&#8243; _module_preset=&#8221;default&#8221; global_colors_info=&#8221;{}&#8221;][\/et_pb_heading][\/et_pb_column][\/et_pb_row][et_pb_row column_structure=&#8221;1_3,2_3&#8243; _builder_version=&#8221;4.27.4&#8243; _module_preset=&#8221;default&#8221; width=&#8221;96.9%&#8221; width_tablet=&#8221;96.9%&#8221; width_phone=&#8221;96.9%&#8221; width_last_edited=&#8221;on|phone&#8221; custom_margin_tablet=&#8221;&#8221; custom_margin_phone=&#8221;|20px||33px|false|false&#8221; custom_margin_last_edited=&#8221;on|phone&#8221; custom_padding=&#8221;|20px||33px|false|false&#8221; module_alignment_tablet=&#8221;&#8221; module_alignment_phone=&#8221;center&#8221; module_alignment_last_edited=&#8221;on|phone&#8221; global_colors_info=&#8221;{}&#8221;][et_pb_column type=&#8221;1_3&#8243; _builder_version=&#8221;4.27.4&#8243; _module_preset=&#8221;default&#8221; global_colors_info=&#8221;{}&#8221;][et_pb_button button_url=&#8221;https:\/\/wa.me\/3784170287&#8243; button_text=&#8221;SCRIVIMI SU WHATSAPP&#8221; _builder_version=&#8221;4.27.4&#8243; _module_preset=&#8221;default&#8221; custom_button=&#8221;on&#8221; button_text_color=&#8221;#ffffff&#8221; button_bg_color=&#8221;#F79456&#8243; button_border_radius=&#8221;100px&#8221; button_icon=&#8221;&#xf232;||fa||400&#8243; button_icon_placement=&#8221;left&#8221; button_on_hover=&#8221;off&#8221; global_colors_info=&#8221;{}&#8221;][\/et_pb_button][et_pb_button button_url=&#8221;mailto:info@nutrizionalorenzostella.it&#8221; button_text=&#8221;SCRIVIMI UNA MAIL&#8221; _builder_version=&#8221;4.27.4&#8243; _module_preset=&#8221;default&#8221; custom_button=&#8221;on&#8221; button_text_color=&#8221;#ffffff&#8221; button_bg_color=&#8221;#F79456&#8243; button_border_radius=&#8221;100px&#8221; button_icon=&#8221;&#xe010;||divi||400&#8243; button_icon_placement=&#8221;left&#8221; button_on_hover=&#8221;off&#8221; global_colors_info=&#8221;{}&#8221;][\/et_pb_button][et_pb_button button_url=&#8221;tel:+393794170287&#8243; button_text=&#8221;CHIAMAMI&#8221; disabled_on=&#8221;off|off|on&#8221; _builder_version=&#8221;4.27.4&#8243; _module_preset=&#8221;default&#8221; custom_button=&#8221;on&#8221; button_text_color=&#8221;#ffffff&#8221; button_bg_color=&#8221;#F79456&#8243; button_border_radius=&#8221;100px&#8221; button_icon=&#8221;&#xe090;||divi||400&#8243; button_icon_placement=&#8221;left&#8221; button_on_hover=&#8221;off&#8221; global_colors_info=&#8221;{}&#8221;][\/et_pb_button][et_pb_text disabled_on=&#8221;on|on|off&#8221; _builder_version=&#8221;4.27.4&#8243; _module_preset=&#8221;default&#8221; global_colors_info=&#8221;{}&#8221;]<\/p>\n<p>Se preferisci chiamami al numero<\/p>\n<p><a data-dtype=\"d3ph\" data-local-attribute=\"d3ph\" jscontroller=\"LWZElb\" href=\"https:\/\/www.google.com\/search?q=lorenzo+stella+udine&amp;sca_esv=dec05cd979379cd9&amp;rlz=1C5CHFA_enIT928IT928&amp;sxsrf=AHTn8zof7fUPYZe0vgVo93HVk5gSdh30hg%3A1738054497068&amp;ei=YZuYZ6nrA662i-gPudfl8Ag&amp;ved=0ahUKEwjpn5fHhZiLAxUu2wIHHblrGY4Q4dUDCBA&amp;uact=5&amp;oq=lorenzo+stella+udine&amp;gs_lp=Egxnd3Mtd2l6LXNlcnAiFGxvcmVuem8gc3RlbGxhIHVkaW5lMgQQIxgnSJEHUJYBWL8GcAF4AJABAJgBmAKgAZoHqgEFMC4xLjO4AQPIAQD4AQGYAgWgAqgHwgIHECMYsAMYJ8ICCBAAGIAEGLADwgIJEAAYsAMYBxgewgIFEAAYgATCAggQABiABBjLAcICBhAAGBYYHpgDAIgGAZAGCpIHBTEuMC40oAfVDQ&amp;sclient=gws-wiz-serp#\" jsdata=\"QKGTRc;_;CdXlrM\" jsaction=\"rcuQ6b:npT2md;F75qrd\" data-ved=\"2ahUKEwium9jIhZiLAxWn2QIHHXngKUYQkAgoAHoECDYQAw\"><span aria-label=\"Chiama il numero di telefono 378 417 0287\">Tel. 378 417 0287<\/span><\/a><\/p>\n<p>[\/et_pb_text][et_pb_sidebar _builder_version=&#8221;4.27.4&#8243; _module_preset=&#8221;default&#8221; global_colors_info=&#8221;{}&#8221;][\/et_pb_sidebar][\/et_pb_column][et_pb_column type=&#8221;2_3&#8243; _builder_version=&#8221;4.27.4&#8243; _module_preset=&#8221;default&#8221; global_colors_info=&#8221;{}&#8221;][et_pb_image src=&#8221;http:\/\/www.nutrizionistalorenzostella.it\/wp-content\/uploads\/2025\/01\/IMG_4669.png&#8221; title_text=&#8221;IMG_4669&#8243; disabled_on=&#8221;on|off|off&#8221; _builder_version=&#8221;4.27.4&#8243; _module_preset=&#8221;default&#8221; width=&#8221;83%&#8221; global_colors_info=&#8221;{}&#8221;][\/et_pb_image][\/et_pb_column][\/et_pb_row][\/et_pb_section][et_pb_section fb_built=&#8221;1&#8243; _builder_version=&#8221;4.27.4&#8243; _module_preset=&#8221;default&#8221; global_colors_info=&#8221;{}&#8221;][et_pb_row column_structure=&#8221;1_2,1_2&#8243; _builder_version=&#8221;4.27.4&#8243; _module_preset=&#8221;default&#8221; custom_margin=&#8221;|auto|||false|false&#8221; global_colors_info=&#8221;{}&#8221;][et_pb_column type=&#8221;1_2&#8243; _builder_version=&#8221;4.27.4&#8243; _module_preset=&#8221;default&#8221; global_colors_info=&#8221;{}&#8221;][et_pb_text _builder_version=&#8221;4.27.4&#8243; _module_preset=&#8221;default&#8221; header_font=&#8221;&#8211;et_global_heading_font||||||||&#8221; custom_padding=&#8221;||0px|||&#8221; global_colors_info=&#8221;{}&#8221;]<\/p>\n<h1>COSA PORTARE ALLA PRIMA VISITA<\/h1>\n<p><span style=\"font-size: large;\"><\/span><\/p>\n<p style=\"text-align: justify;\">Per consentirmi di valutare al meglio il tuo stato nutrizionale e pianificare la strategia migliore per consentirti di raggiungere i tuoi obiettivi di salute sar\u00e0 necessario portare:<span style=\"font-size: large;\"><\/span><\/p>\n<p style=\"text-align: justify;\">1) <strong>CERTIFICATI MEDICI<\/strong>: qualsiasi certificato che accerti lo stato di salute fisiologico o patologico, allergie, celiachia, intolleranze alimentari, interventi chirurgici invasivi passati&#8230;<\/p>\n<p style=\"text-align: justify;\">2) <strong>ANALISI DEL SANGUE E DELLE URINE<\/strong>: portare le ultime analisi del sangue. Se le ultime analisi del sangue sono state effettuate pi\u00f9 di 12 mesi fa \u00e8 vivamente consigliato ripeterle prima dell&#8217;elaborazione di un piano alimentare.<\/p>\n<p style=\"text-align: justify;\">3) <strong>LISTA DI FARMACI E INTEGRATORI ALIMENTARI<\/strong>: qualsiasi medicinale e\/o integratore alimentare che venga assunto quotidianamente.<\/p>\n<p style=\"text-align: justify;\">4) <strong>INDUMENTI INTIMI o ADERENTI<\/strong>: se sarai d&#8217;accordo, per pianificare al meglio un piano alimentare adeguato alle tue esigenze vorrei rilevare alcune misure antropometriche quali peso, altezza e circonferenze corporee.<\/p>\n<p style=\"text-align: justify;\">Per una misurazione accurata delle circonferenze corporee \u00e8 consigliato porsi in indumenti intimi o quantomeno aderenti alla vita e ai fianchi. Nel mio studio troverai uno spogliatoio ad hoc dove potrai cambiarti in pieno rispetto della tua privacy.<\/p>\n<p style=\"text-align: justify;\">Durante la visita cercher\u00f2 al meglio delle mie possibilit\u00e0 di metterti a tuo agio, ma se non te la sentissii di spogliarti non preoccuparti. Ti fornir\u00f2 personalmente un indumento coprente e leggero che consentir\u00e0 di misurare almeno il peso e l&#8217;altezza senza alcun disagio.<\/p>\n<p>&nbsp;<\/p>\n<p>&nbsp;<\/p>\n<p><span style=\"font-size: large;\"><\/span><\/p>\n<p>[\/et_pb_text][\/et_pb_column][et_pb_column type=&#8221;1_2&#8243; _builder_version=&#8221;4.27.4&#8243; _module_preset=&#8221;default&#8221; global_colors_info=&#8221;{}&#8221;][et_pb_image src=&#8221;http:\/\/www.nutrizionistalorenzostella.it\/wp-content\/uploads\/2025\/01\/IMG_4620.png&#8221; title_text=&#8221;IMG_4620&#8243; _builder_version=&#8221;4.27.4&#8243; _module_preset=&#8221;default&#8221; global_colors_info=&#8221;{}&#8221;][\/et_pb_image][et_pb_image src=&#8221;http:\/\/www.nutrizionistalorenzostella.it\/wp-content\/uploads\/2025\/01\/IMG_4879-scaled.jpg&#8221; title_text=&#8221;IMG_4879&#8243; _builder_version=&#8221;4.27.4&#8243; _module_preset=&#8221;default&#8221; width=&#8221;97%&#8221; global_colors_info=&#8221;{}&#8221;][\/et_pb_image][\/et_pb_column][\/et_pb_row][\/et_pb_section]<\/p>\n","protected":false},"excerpt":{"rendered":"<p>Dottor Lorenzo Stella Biologo Nutrizionista Cellulare: +39 378 417 0287 E-mail: info@nutrizionistalorenzostella.it STUDIO DI EDUCAZIONE ALIMENTARE E SANA ALIMENTAZIONE Udine, Piazza San Cristoforo n.7, primo piano Orari Si riceve solo su appuntamento. Insieme concorderemo il primo giorno e orario disponibili pi\u00f9 adatti alle tue esigenze. Se preferisci chiamami al numero Tel. 378 417 0287COSA PORTARE [&hellip;]<\/p>\n","protected":false},"author":1,"featured_media":0,"parent":0,"menu_order":0,"comment_status":"closed","ping_status":"closed","template":"","meta":{"_et_pb_use_builder":"on","_et_pb_old_content":"","_et_gb_content_width":"","footnotes":""},"class_list":["post-405","page","type-page","status-publish","hentry"],"_links":{"self":[{"href":"https:\/\/www.nutrizionistalorenzostella.it\/index.php\/wp-json\/wp\/v2\/pages\/405","targetHints":{"allow":["GET"]}}],"collection":[{"href":"https:\/\/www.nutrizionistalorenzostella.it\/index.php\/wp-json\/wp\/v2\/pages"}],"about":[{"href":"https:\/\/www.nutrizionistalorenzostella.it\/index.php\/wp-json\/wp\/v2\/types\/page"}],"author":[{"embeddable":true,"href":"https:\/\/www.nutrizionistalorenzostella.it\/index.php\/wp-json\/wp\/v2\/users\/1"}],"replies":[{"embeddable":true,"href":"https:\/\/www.nutrizionistalorenzostella.it\/index.php\/wp-json\/wp\/v2\/comments?post=405"}],"version-history":[{"count":15,"href":"https:\/\/www.nutrizionistalorenzostella.it\/index.php\/wp-json\/wp\/v2\/pages\/405\/revisions"}],"predecessor-version":[{"id":1303,"href":"https:\/\/www.nutrizionistalorenzostella.it\/index.php\/wp-json\/wp\/v2\/pages\/405\/revisions\/1303"}],"wp:attachment":[{"href":"https:\/\/www.nutrizionistalorenzostella.it\/index.php\/wp-json\/wp\/v2\/media?parent=405"}],"curies":[{"name":"wp","href":"https:\/\/api.w.org\/{rel}","templated":true}]}}